{"id":1530,"date":"2021-05-03T16:36:56","date_gmt":"2021-05-03T20:36:56","guid":{"rendered":"https:\/\/fondationfontainedespoir.com\/v2\/?page_id=1530"},"modified":"2022-08-30T18:37:05","modified_gmt":"2022-08-30T22:37:05","slug":"dons","status":"publish","type":"page","link":"https:\/\/fondationfontainedespoir.com\/en\/dons\/","title":{"rendered":"Donate"},"content":{"rendered":"<div data-elementor-type=\"wp-page\" data-elementor-id=\"1530\" class=\"elementor elementor-1530\">\n\t\t\t\t\t\t<section class=\"elementor-section elementor-top-section elementor-element elementor-element-924da5a elementor-section-full_width elementor-section-height-default elementor-section-height-default\" data-id=\"924da5a\" data-element_type=\"section\" data-e-type=\"section\" data-settings=\"{&quot;background_background&quot;:&quot;classic&quot;,&quot;ekit_has_onepagescroll_dot&quot;:&quot;yes&quot;}\">\n\t\t\t\t\t\t\t<div class=\"elementor-background-overlay\"><\/div>\n\t\t\t\t\t\t\t<div class=\"elementor-container elementor-column-gap-default\">\n\t\t\t\t\t<div class=\"elementor-column elementor-col-100 elementor-top-column elementor-element elementor-element-8e93ebf\" data-id=\"8e93ebf\" data-element_type=\"column\" data-e-type=\"column\">\n\t\t\t<div class=\"elementor-widget-wrap elementor-element-populated\">\n\t\t\t\t\t\t<div class=\"elementor-element elementor-element-68d3c4e elementor-widget elementor-widget-heading\" data-id=\"68d3c4e\" data-element_type=\"widget\" data-e-type=\"widget\" data-settings=\"{&quot;ekit_we_effect_on&quot;:&quot;none&quot;}\" data-widget_type=\"heading.default\">\n\t\t\t\t<div class=\"elementor-widget-container\">\n\t\t\t\t\t<h2 class=\"elementor-heading-title elementor-size-default\">Make a donation!<\/h2>\t\t\t\t<\/div>\n\t\t\t\t<\/div>\n\t\t\t\t\t<\/div>\n\t\t<\/div>\n\t\t\t\t\t<\/div>\n\t\t<\/section>\n\t\t\t\t<section class=\"elementor-section elementor-top-section elementor-element elementor-element-31cfbc5 elementor-section-boxed elementor-section-height-default elementor-section-height-default\" data-id=\"31cfbc5\" data-element_type=\"section\" data-e-type=\"section\" data-settings=\"{&quot;ekit_has_onepagescroll_dot&quot;:&quot;yes&quot;}\">\n\t\t\t\t\t\t<div class=\"elementor-container elementor-column-gap-default\">\n\t\t\t\t\t<div class=\"elementor-column elementor-col-100 elementor-top-column elementor-element elementor-element-093a1f7\" data-id=\"093a1f7\" data-element_type=\"column\" data-e-type=\"column\">\n\t\t\t<div class=\"elementor-widget-wrap elementor-element-populated\">\n\t\t\t\t\t\t<div class=\"elementor-element elementor-element-3656e84 elementor-widget elementor-widget-heading\" data-id=\"3656e84\" data-element_type=\"widget\" data-e-type=\"widget\" data-settings=\"{&quot;ekit_we_effect_on&quot;:&quot;none&quot;}\" data-widget_type=\"heading.default\">\n\t\t\t\t<div class=\"elementor-widget-container\">\n\t\t\t\t\t<h2 class=\"elementor-heading-title elementor-size-default translation-block\">We have<br>a new goal!<\/h2>\t\t\t\t<\/div>\n\t\t\t\t<\/div>\n\t\t\t\t<div class=\"elementor-element elementor-element-a4466a6 elementor-widget-divider--view-line elementor-widget elementor-widget-divider\" data-id=\"a4466a6\" data-element_type=\"widget\" data-e-type=\"widget\" data-settings=\"{&quot;ekit_we_effect_on&quot;:&quot;none&quot;}\" data-widget_type=\"divider.default\">\n\t\t\t\t<div class=\"elementor-widget-container\">\n\t\t\t\t\t\t\t<div class=\"elementor-divider\">\n\t\t\t<span class=\"elementor-divider-separator\">\n\t\t\t\t\t\t<\/span>\n\t\t<\/div>\n\t\t\t\t\t\t<\/div>\n\t\t\t\t<\/div>\n\t\t\t\t<div class=\"elementor-element elementor-element-2749839 elementor-widget elementor-widget-text-editor\" data-id=\"2749839\" data-element_type=\"widget\" data-e-type=\"widget\" data-settings=\"{&quot;ekit_we_effect_on&quot;:&quot;none&quot;}\" data-widget_type=\"text-editor.default\">\n\t\t\t\t<div class=\"elementor-widget-container\">\n\t\t\t\t\t\t\t\t\t<p>We want to build a room at the Montreal Children\u2019s Hospital.\nWe have a goal of $ 100,000!<\/p><p><strong>Help us reach our goal!<\/strong><\/p>\t\t\t\t\t\t\t\t<\/div>\n\t\t\t\t<\/div>\n\t\t\t\t\t<\/div>\n\t\t<\/div>\n\t\t\t\t\t<\/div>\n\t\t<\/section>\n\t\t\t\t<section class=\"elementor-section elementor-top-section elementor-element elementor-element-a974062 elementor-section-boxed elementor-section-height-default elementor-section-height-default\" data-id=\"a974062\" data-element_type=\"section\" data-e-type=\"section\" data-settings=\"{&quot;ekit_has_onepagescroll_dot&quot;:&quot;yes&quot;}\">\n\t\t\t\t\t\t<div class=\"elementor-container elementor-column-gap-default\">\n\t\t\t\t\t<div class=\"elementor-column elementor-col-50 elementor-top-column elementor-element elementor-element-281df41\" data-id=\"281df41\" data-element_type=\"column\" data-e-type=\"column\">\n\t\t\t<div class=\"elementor-widget-wrap elementor-element-populated\">\n\t\t\t\t\t\t<div class=\"elementor-element elementor-element-d209400 elementor-widget elementor-widget-shortcode\" data-id=\"d209400\" data-element_type=\"widget\" data-e-type=\"widget\" data-settings=\"{&quot;ekit_we_effect_on&quot;:&quot;none&quot;}\" data-widget_type=\"shortcode.default\">\n\t\t\t\t<div class=\"elementor-widget-container\">\n\t\t\t\t\t\t\t<div class=\"elementor-shortcode\"><div class=\"give-embed-form-wrapper\" id=\"give-69de6279bec17\"><iframe\n\t\t\t\tname=\"give-embed-form\"\n\t\t\t\tsrc=\"https:\/\/fondationfontainedespoir.com\/en\/give\/don-ponctuel?giveDonationFormInIframe=1\"\n\t\t\t\t\n\t\t\t\tdata-autoscroll=\"0\"\n\t\t\t\tonload=\"if( 'undefined' !== typeof Give ) { Give.initializeIframeResize(this) }\"\n\t\t\t\tstyle=\"border: 0;visibility: hidden;min-height: 645px;\"><\/iframe><div class=\"iframe-loader\">\n<div style=\"\t\theight: calc(100% - 28px);\t\twidth: calc(100% - 20px);\t\tmax-width: 552px;\t\tmargin: 10px auto 10px auto;\t\tbackground: transparent;\t\tborder-radius: 6px;\t\tdisplay: flex;\t\talign-items: center;\t\tjustify-content: center;\t\">\n    <div style=\"        pointer-events: none;        height: 90px;        width: 90px;        background-image: url(&quot;data:image\/svg+xml;charset=utf8,%3C?xml version='1.0' encoding='utf-8'?%3E%3C!-- Generator: Adobe Illustrator 24.1.0, SVG Export Plug-In . SVG Version: 6.00 Build 0) --%3E%3Csvg version='1.1' id='Layer_1' xmlns='http:\/\/www.w3.org\/2000\/svg' xmlns:xlink='http:\/\/www.w3.org\/1999\/xlink' x='0px' y='0px' viewBox='0 0 349 348' style='enable-background:new 0 0 349 348;' xml:space='preserve'%3E%3Cstyle type='text\/css'%3E .st0{fill:%23007cb2;} %3C\/style%3E%3Cpath class='st0' d='M25.1,204.57c-13.38,0-24.47-10.6-24.97-24.08C0.04,178.09,0,175.97,0,174C0,77.78,78.28-0.5,174.5-0.5 c13.81,0,25,11.19,25,25s-11.19,25-25,25C105.85,49.5,50,105.35,50,174c0,1.37,0.03,2.85,0.1,4.65c0.51,13.8-10.27,25.39-24.07,25.9 C25.72,204.56,25.41,204.57,25.1,204.57z'\/%3E%3Cpath class='st0' d='M174.5,348.5c-13.81,0-25-11.19-25-25c0-13.81,11.19-25,25-25c68.65,0,124.5-55.85,124.5-124.5 c0-1.38-0.03-2.85-0.1-4.65c-0.51-13.8,10.26-25.4,24.06-25.91c13.83-0.53,25.4,10.26,25.91,24.06c0.09,2.39,0.13,4.51,0.13,6.49 C349,270.22,270.72,348.5,174.5,348.5z'\/%3E%3C\/svg%3E&quot;);        animation: spin 0.6s linear infinite;        \"><\/div>\n<\/div>\n<\/div><\/div><\/div>\n\t\t\t\t\t\t<\/div>\n\t\t\t\t<\/div>\n\t\t\t\t\t<\/div>\n\t\t<\/div>\n\t\t\t\t<div class=\"elementor-column elementor-col-50 elementor-top-column elementor-element elementor-element-a78f647\" data-id=\"a78f647\" data-element_type=\"column\" data-e-type=\"column\">\n\t\t\t<div class=\"elementor-widget-wrap elementor-element-populated\">\n\t\t\t\t\t\t<div class=\"elementor-element elementor-element-888f6c0 elementor-widget elementor-widget-shortcode\" data-id=\"888f6c0\" data-element_type=\"widget\" data-e-type=\"widget\" data-settings=\"{&quot;ekit_we_effect_on&quot;:&quot;none&quot;}\" data-widget_type=\"shortcode.default\">\n\t\t\t\t<div class=\"elementor-widget-container\">\n\t\t\t\t\t\t\t<div class=\"elementor-shortcode\"><style>\r\n\t.thermometer_svg{}\r\n\t.therm_target{font-size: 16px; font-family: sans-serif;}\r\n\t.therm_raised{font-size: 14px; font-family: sans-serif;}\r\n\t.therm_percent{font-family: sans-serif; text-anchor: middle; font-weight: bold;}\r\n\t.therm_subTarget{font-size: 14px; font-family: sans-serif;}\r\n\t.therm_legend{font-size: 12px; font-family: sans-serif;}\r\n\t.therm_majorTick{stroke-width: 2.5px; stroke: #005392;}\r\n\t.therm_minorTick{stroke-width: 2.5px; stroke: #005392;}\r\n\t.therm_border{stroke-width: 1.5px; stroke: #005392; fill: transparent;}\r\n\t.therm_subTargetArrow{stroke: #8a8a8a; stroke-width: 0.2px; fill: #8a8a8a;}\r\n    .therm_raisedLevel{stroke-width: 1px; stroke: #005392;}\r\n\t.therm_subRaisedLevel{stroke-width: 1px; stroke: #005392;}\r\n\t.therm_arrow{stroke: #000; stroke-width: 0.2px; fill: #005392;}\r\n\t.therm_subTargetLevel{stroke-width: 2.5px; stroke: #8a8a8a;}\r\n\t<\/style><div style=\"margin-bottom: 1.5em; height: 533px; width: 249.89836065574px; display:block; float:left;\"><svg xmlns=\"http:\/\/www.w3.org\/tr\/svg\" version=\"2\" x=\"0\" y=\"0\" width=\"249.89836065574\" height=\"533\" viewbox=\"-13 0 143 305\" alt=\"Raised 45 000$ towards the 100 000$ target.\" preserveaspectratio=\"xMidYMid\" class=\"thermometer_svg\"><defs><lineargradient id=\"ThermGrad_#CB2D35_#CB2D35\" x1=\"0\" x2=\"0\" y1=\"0\" y2=\"1\">\r\n          <stop style=\"stop-color: #CB2D35\" offset=\"0%\" \/>\r\n          <stop style=\"stop-color: #CB2D35\" offset=\"100%\" \/>\r\n        <\/lineargradient><filter id=\"f1\" x=\"-20%\" y=\"-20%\" height=\"150%\" width=\"150%\" filterunits=\"objectBoundingBox\">\r\n        <fegaussianblur in=\"SourceAlpha\" stddeviation=\"3\" result=\"shadow\"\/> <!-- stdDeviation is how much to blur -->\r\n        <feoffset dx=\"1.8\" dy=\"1.8\" result=\"offsetblur\" in=\"shadow\"\/> <!-- how much to offset -->\r\n        <fecomponenttransfer result=\"shadow1\" in=\"offsetblur\">\r\n            <fefunca type=\"linear\" slope=\"0.6\"\/> <!-- slope is the opacity of the shadow -->\r\n        <\/fecomponenttransfer>\r\n        <feblend in = \"SourceGraphic\" in2 = \"shadow1\" mode = \"normal\"\/>\r\n        <\/filter><filter id=\"blurFilter\">\r\n          <!-- filter processes -->\r\n          <fegaussianblur in=\"SourceGraphic\" stddeviation=\"7.5\"\/><!-- stdDeviation is amount of blur -->\r\n      <\/filter>\r\n      <filter id=\"blurFilter2\">\r\n          <!-- filter processes -->\r\n          <fegaussianblur in=\"SourceGraphic\" stddeviation=\"2.2\"\/><!-- stdDeviation is amount of blur -->\r\n      <\/filter>\r\n  <\/defs><desc>Created using the Donation Thermometer plugin https:\/\/wordpress.org\/plugins\/donation-thermometer\/.<\/desc><text x=\"38\" y=\"20\" class=\"therm_target\" fill=\"#007CB2\" dominant-baseline=\"auto\" text-anchor=\"middle\">100 000$<\/text><path d=\"M38 25.5 C 28 25.5, 20 30, 20 36 L 20 251 C 15.5 255, 13 262, 13 268 C 13 282, 24 293, 38 293 C 52 293, 63 282, 63 268 C 63 262, 60 255, 56 251 L 56 36 C 56 30, 48 25.5, 38 25.5\" style=\"fill: transparent;; stroke-opacity: 0!important;\"><title>Raised 45 000$ towards the 100 000$ target.<\/title><\/path><path d=\"M20 151.5 L 20 251 C 15.5 255, 13 262, 13 268 C 13 282, 24 293, 38 293 C 52 293, 63 282, 63  268 C 63 262, 60 255, 56 251 L 56 151.5 L 20 151.5\" style=\"stroke-width: 0;\" fill=\"url(#ThermGrad_#CB2D35_#CB2D35)\"\/><path d=\"M20 151.5 L 56 151.5\" class=\"therm_raisedLevel\" \/><path d=\"M 58 151.5, 63 146.5, 63 156.5 Z\" class=\"therm_arrow\"\/><text x=\"66\" y=\"151.5\" class=\"therm_raised\" text-anchor=\"start\" dominant-baseline=\"central\" fill=\"#007CB2\">45 000$<\/text><path d=\"M 56 36 L 43 36 M 56 78 L 43 78 M56 120 L 43 120 M 56 162 L 43 162 M 56 204 L 43 204 M 56 246 L 43 246\" class=\"therm_majorTick\"\/><path d=\"M 56 57 L 50 57 M 56 99 L 50 99 M 56 141 L 50 141 M 56 183 L 50 183 M 56 225 L 50 225\" class=\"therm_minorTick\" \/><path d=\"M38 25.5 C 28 25.5, 20 30, 20 36 L 20 251 C 15.5 255, 13 262, 13 268 C 13 282, 24 293, 38 293 C 52 293, 63 282, 63 268 C 63 262, 60 255, 56 251 L 56 36 C 56 30, 48 25.5, 38 25.5\" class=\"therm_border\"><title>Raised 45 000$ towards the 100 000$ target.<\/title><\/path><text x=\"38\" y=\"274\" class=\"therm_percent\" style=\"font-size: 17px\" text-anchor=\"middle\" fill=\"#ffffff\">45%<\/text><\/svg><\/div><\/div>\n\t\t\t\t\t\t<\/div>\n\t\t\t\t<\/div>\n\t\t\t\t\t<\/div>\n\t\t<\/div>\n\t\t\t\t\t<\/div>\n\t\t<\/section>\n\t\t\t\t<\/div>","protected":false},"excerpt":{"rendered":"<p>Faire un don! Nous avonsun nouvel objectif! Nous souhaitons construire une chambre \u00e0 l\u2019H\u00f4pital de Montr\u00e9al pour Enfants. Nous avons un objectif de 100 000$! Aidez-nous \u00e0 atteindre notre objectif!<\/p>","protected":false},"author":1,"featured_media":0,"parent":0,"menu_order":6,"comment_status":"closed","ping_status":"closed","template":"","meta":{"_acf_changed":false,"give_campaign_id":0,"footnotes":""},"class_list":["post-1530","page","type-page","status-publish","hentry"],"acf":[],"yoast_head":"<!-- This site is optimized with the Yoast SEO plugin v27.1.1 - https:\/\/yoast.com\/product\/yoast-seo-wordpress\/ -->\n<title>Dons - Fondation Fontaine d&#039;Espoir<\/title>\n<meta name=\"description\" content=\"Notre campagne de dons\" \/>\n<meta name=\"robots\" content=\"index, follow, max-snippet:-1, max-image-preview:large, max-video-preview:-1\" \/>\n<link rel=\"canonical\" href=\"https:\/\/fondationfontainedespoir.com\/en\/dons\/\" \/>\n<meta property=\"og:locale\" content=\"en_US\" \/>\n<meta property=\"og:type\" content=\"article\" \/>\n<meta property=\"og:title\" content=\"Dons - Fondation Fontaine d&#039;Espoir\" \/>\n<meta property=\"og:description\" content=\"Notre campagne de dons\" \/>\n<meta property=\"og:url\" content=\"https:\/\/fondationfontainedespoir.com\/en\/dons\/\" \/>\n<meta property=\"og:site_name\" content=\"Fondation Fontaine d&#039;Espoir\" \/>\n<meta property=\"article:publisher\" content=\"https:\/\/www.facebook.com\/Fountain-of-Hope-Foundation-394689380890501\/\" \/>\n<meta property=\"article:modified_time\" content=\"2022-08-30T22:37:05+00:00\" \/>\n<meta name=\"twitter:card\" content=\"summary_large_image\" \/>\n<meta name=\"twitter:label1\" content=\"Est. reading time\" \/>\n\t<meta name=\"twitter:data1\" content=\"1 minute\" \/>\n<script type=\"application\/ld+json\" class=\"yoast-schema-graph\">{\"@context\":\"https:\/\/schema.org\",\"@graph\":[{\"@type\":\"WebPage\",\"@id\":\"https:\/\/fondationfontainedespoir.com\/dons\/\",\"url\":\"https:\/\/fondationfontainedespoir.com\/dons\/\",\"name\":\"Dons - Fondation Fontaine d&#039;Espoir\",\"isPartOf\":{\"@id\":\"https:\/\/fondationfontainedespoir.com\/#website\"},\"datePublished\":\"2021-05-03T20:36:56+00:00\",\"dateModified\":\"2022-08-30T22:37:05+00:00\",\"description\":\"Notre campagne de dons\",\"breadcrumb\":{\"@id\":\"https:\/\/fondationfontainedespoir.com\/dons\/#breadcrumb\"},\"inLanguage\":\"en-CA\",\"potentialAction\":[{\"@type\":\"ReadAction\",\"target\":[\"https:\/\/fondationfontainedespoir.com\/dons\/\"]}]},{\"@type\":\"BreadcrumbList\",\"@id\":\"https:\/\/fondationfontainedespoir.com\/dons\/#breadcrumb\",\"itemListElement\":[{\"@type\":\"ListItem\",\"position\":1,\"name\":\"Home\",\"item\":\"https:\/\/fondationfontainedespoir.com\/\"},{\"@type\":\"ListItem\",\"position\":2,\"name\":\"Dons\"}]},{\"@type\":\"WebSite\",\"@id\":\"https:\/\/fondationfontainedespoir.com\/#website\",\"url\":\"https:\/\/fondationfontainedespoir.com\/\",\"name\":\"Fondation Fontaine d&#039;Espoir\",\"description\":\"Ensemble, nous pouvons faire la diff\u00e9rence\",\"publisher\":{\"@id\":\"https:\/\/fondationfontainedespoir.com\/#organization\"},\"potentialAction\":[{\"@type\":\"SearchAction\",\"target\":{\"@type\":\"EntryPoint\",\"urlTemplate\":\"https:\/\/fondationfontainedespoir.com\/?s={search_term_string}\"},\"query-input\":{\"@type\":\"PropertyValueSpecification\",\"valueRequired\":true,\"valueName\":\"search_term_string\"}}],\"inLanguage\":\"en-CA\"},{\"@type\":\"Organization\",\"@id\":\"https:\/\/fondationfontainedespoir.com\/#organization\",\"name\":\"Fondation Fontaine d'Espoir\",\"url\":\"https:\/\/fondationfontainedespoir.com\/\",\"logo\":{\"@type\":\"ImageObject\",\"inLanguage\":\"en-CA\",\"@id\":\"https:\/\/fondationfontainedespoir.com\/#\/schema\/logo\/image\/\",\"url\":\"https:\/\/fondationfontainedespoir.com\/wp-content\/uploads\/SmallLogo.png\",\"contentUrl\":\"https:\/\/fondationfontainedespoir.com\/wp-content\/uploads\/SmallLogo.png\",\"width\":500,\"height\":302,\"caption\":\"Fondation Fontaine d'Espoir\"},\"image\":{\"@id\":\"https:\/\/fondationfontainedespoir.com\/#\/schema\/logo\/image\/\"},\"sameAs\":[\"https:\/\/www.facebook.com\/Fountain-of-Hope-Foundation-394689380890501\/\"]}]}<\/script>\n<!-- \/ Yoast SEO plugin. -->","yoast_head_json":{"title":"Dons - Fondation Fontaine d&#039;Espoir","description":"Notre campagne de dons","robots":{"index":"index","follow":"follow","max-snippet":"max-snippet:-1","max-image-preview":"max-image-preview:large","max-video-preview":"max-video-preview:-1"},"canonical":"https:\/\/fondationfontainedespoir.com\/en\/dons\/","og_locale":"en_US","og_type":"article","og_title":"Dons - Fondation Fontaine d&#039;Espoir","og_description":"Notre campagne de dons","og_url":"https:\/\/fondationfontainedespoir.com\/en\/dons\/","og_site_name":"Fondation Fontaine d&#039;Espoir","article_publisher":"https:\/\/www.facebook.com\/Fountain-of-Hope-Foundation-394689380890501\/","article_modified_time":"2022-08-30T22:37:05+00:00","twitter_card":"summary_large_image","twitter_misc":{"Est. reading time":"1 minute"},"schema":{"@context":"https:\/\/schema.org","@graph":[{"@type":"WebPage","@id":"https:\/\/fondationfontainedespoir.com\/dons\/","url":"https:\/\/fondationfontainedespoir.com\/dons\/","name":"Dons - Fondation Fontaine d&#039;Espoir","isPartOf":{"@id":"https:\/\/fondationfontainedespoir.com\/#website"},"datePublished":"2021-05-03T20:36:56+00:00","dateModified":"2022-08-30T22:37:05+00:00","description":"Notre campagne de dons","breadcrumb":{"@id":"https:\/\/fondationfontainedespoir.com\/dons\/#breadcrumb"},"inLanguage":"en-CA","potentialAction":[{"@type":"ReadAction","target":["https:\/\/fondationfontainedespoir.com\/dons\/"]}]},{"@type":"BreadcrumbList","@id":"https:\/\/fondationfontainedespoir.com\/dons\/#breadcrumb","itemListElement":[{"@type":"ListItem","position":1,"name":"Home","item":"https:\/\/fondationfontainedespoir.com\/"},{"@type":"ListItem","position":2,"name":"Dons"}]},{"@type":"WebSite","@id":"https:\/\/fondationfontainedespoir.com\/#website","url":"https:\/\/fondationfontainedespoir.com\/","name":"Fondation Fontaine d&#039;Espoir","description":"Ensemble, nous pouvons faire la diff\u00e9rence","publisher":{"@id":"https:\/\/fondationfontainedespoir.com\/#organization"},"potentialAction":[{"@type":"SearchAction","target":{"@type":"EntryPoint","urlTemplate":"https:\/\/fondationfontainedespoir.com\/?s={search_term_string}"},"query-input":{"@type":"PropertyValueSpecification","valueRequired":true,"valueName":"search_term_string"}}],"inLanguage":"en-CA"},{"@type":"Organization","@id":"https:\/\/fondationfontainedespoir.com\/#organization","name":"Fondation Fontaine d'Espoir","url":"https:\/\/fondationfontainedespoir.com\/","logo":{"@type":"ImageObject","inLanguage":"en-CA","@id":"https:\/\/fondationfontainedespoir.com\/#\/schema\/logo\/image\/","url":"https:\/\/fondationfontainedespoir.com\/wp-content\/uploads\/SmallLogo.png","contentUrl":"https:\/\/fondationfontainedespoir.com\/wp-content\/uploads\/SmallLogo.png","width":500,"height":302,"caption":"Fondation Fontaine d'Espoir"},"image":{"@id":"https:\/\/fondationfontainedespoir.com\/#\/schema\/logo\/image\/"},"sameAs":["https:\/\/www.facebook.com\/Fountain-of-Hope-Foundation-394689380890501\/"]}]}},"campaignId":"","_links":{"self":[{"href":"https:\/\/fondationfontainedespoir.com\/en\/wp-json\/wp\/v2\/pages\/1530","targetHints":{"allow":["GET"]}}],"collection":[{"href":"https:\/\/fondationfontainedespoir.com\/en\/wp-json\/wp\/v2\/pages"}],"about":[{"href":"https:\/\/fondationfontainedespoir.com\/en\/wp-json\/wp\/v2\/types\/page"}],"author":[{"embeddable":true,"href":"https:\/\/fondationfontainedespoir.com\/en\/wp-json\/wp\/v2\/users\/1"}],"replies":[{"embeddable":true,"href":"https:\/\/fondationfontainedespoir.com\/en\/wp-json\/wp\/v2\/comments?post=1530"}],"version-history":[{"count":0,"href":"https:\/\/fondationfontainedespoir.com\/en\/wp-json\/wp\/v2\/pages\/1530\/revisions"}],"wp:attachment":[{"href":"https:\/\/fondationfontainedespoir.com\/en\/wp-json\/wp\/v2\/media?parent=1530"}],"curies":[{"name":"wp","href":"https:\/\/api.w.org\/{rel}","templated":true}]}}